{"id":5601,"date":"2023-11-17T16:34:46","date_gmt":"2023-11-17T14:34:46","guid":{"rendered":"https:\/\/beltsy.info\/?page_id=5601"},"modified":"2023-11-17T16:36:15","modified_gmt":"2023-11-17T14:36:15","slug":"unde-sa-mancati-sushi-in-balti","status":"publish","type":"page","link":"https:\/\/beltsy.info\/ro\/unde-sa-mancati-sushi-in-balti\/","title":{"rendered":"Unde s\u0103 m\u00e2nca\u021bi sushi \u00een B\u0103l\u021bi"},"content":{"rendered":"<div class=\"wpb-content-wrapper\"><p>[vc_row css=&#8221;.vc_custom_1498189491257{padding-bottom: 0px !important;}&#8221;][vc_column]\t<div class=\"heading-title header-title--1 text-center  \">\r\n\t\t<div class=\"heading-title__h-group\">\r\n\t\t\t\t\t\t\t\t\t<h2 class=\"heading-title__title\" >Unde s\u0103 m\u00e2nca\u021bi sushi \u00een B\u0103l\u021bi<\/h2>\r\n\t\t\t\t\t<\/div>\r\n\t\t\t\t<p class=\"heading-title__description\" >Unde s\u0103 m\u00e2nca\u021bi sushi \u00een B\u0103l\u021bi.<\/p>\r\n\t\t\t<\/div>\r\n\t[\/vc_column][\/vc_row][vc_row gap=&#8221;15&#8243; css=&#8221;.vc_custom_1700161709281{padding-top: 0px !important;}&#8221;][vc_column][vc_column_text]Sushi este un fel de m\u00e2ncare tradi\u021bional\u0103 japonez\u0103 care a cucerit inimile gurmanzilor din \u00eentreaga lume. Istoria lor dateaz\u0103 de mai bine de o sut\u0103 de ani \u0219i au ap\u0103rut pentru prima dat\u0103 ca o modalitate de p\u0103strare a pe\u0219telui pe navele maritime. De-a lungul timpului, re\u021beta s-a schimbat, iar sushi a devenit foarte popular datorit\u0103 combina\u021biei sale neobi\u0219nuite de arome.<\/p>\n<p>Sushi este o mas\u0103 u\u0219oar\u0103, s\u0103rac\u0103 \u00een calorii \u0219i bogat\u0103 \u00een proteine, care nu contravine principiilor unei diete s\u0103n\u0103toase.<br \/>\nLa B\u0103l\u021bi, grupuri de prieteni aleg s\u0103 &#8220;m\u0103n\u00e2nce sushi&#8221; la o petrecere a burl\u0103ci\u021belor, la o petrecere aniversar\u0103 sau pur \u0219i simplu pentru a petrece \u00een lini\u0219te.<\/p>\n<p>Maki este probabil cel mai popular tip de sushi. Acestea sunt rulouri formate din nori, orez \u0219i garnituri. De exemplu, la DDD, California Roll combin\u0103 carne de crab, avocado \u0219i castravete, \u00een timp ce Philadelphia Roll este format din somon, crem\u0103 de br\u00e2nz\u0103 \u0219i castravete. Maki este deosebit datorit\u0103 combina\u021biei sale de textur\u0103 cremoas\u0103 \u0219i arom\u0103 delicat\u0103 de pe\u0219te, \u00eenvelit \u00een nori \u0219i orez.<\/p>\n<p>\u00cen Sushi Room, sushi tempura este deosebit de popular. Acestea sunt rulouri care sunt pr\u0103jite. Una dintre variantele populare este Daikon, \u00een care carnea de \u021bipar este g\u0103tit\u0103 p\u00e2n\u0103 cap\u0103t\u0103 o crust\u0103 aurie \u0219i este \u00eenvelit\u0103 \u00een orez \u0219i nori. Astfel de rulouri au o textur\u0103 cald\u0103 interesant\u0103 \u0219i o crust\u0103 crocant\u0103.<\/p>\n<p>\u00cen localul RedFox, cet\u0103\u021benii din B\u0103l\u021bi pot g\u0103si chiar \u0219i sushi vegetarian. Pentru vegani, buc\u0103tarii au adaptat variante cu legume. &#8220;Avocado roll&#8221; sau &#8220;Kappa Maki&#8221; \u2014 sunt rulouri cu castrave\u021bi.<br \/>\nSushi ofer\u0103 \u00eentotdeauna o c\u0103l\u0103torie gastronomic\u0103 unic\u0103, trebuie doar s\u0103 alege\u021bi \u00een care dintre localuri s\u0103 v\u0103 scufunda\u021bi \u00een lumea buc\u0103t\u0103riei japoneze.<\/p>\n<hr \/>\n<p>[\/vc_column_text][\/vc_column][\/vc_row]<\/p>\n<\/div>","protected":false},"excerpt":{"rendered":"<p>[vc_row css=&#8221;.vc_custom_1498189491257{padding-bottom: 0px !important;}&#8221;][vc_column][\/vc_column][\/vc_row][vc_row gap=&#8221;15&#8243; css=&#8221;.vc_custom_1700161709281{padding-top: 0px !important;}&#8221;][vc_column][vc_column_text]Sushi este un fel de m\u00e2ncare tradi\u021bional\u0103 japonez\u0103 care a cucerit inimile gurmanzilor din \u00eentreaga lume. Istoria lor dateaz\u0103 de mai bine de o sut\u0103 de ani \u0219i au ap\u0103rut pentru prima dat\u0103 ca o modalitate de p\u0103strare a pe\u0219telui pe navele maritime. De-a lungul timpului, re\u021beta s-a [&hellip;]<\/p>\n","protected":false},"author":1,"featured_media":0,"parent":0,"menu_order":0,"comment_status":"closed","ping_status":"closed","template":"templates\/Mainsidebar-template.php","meta":{"footnotes":""},"class_list":["post-5601","page","type-page","status-publish","hentry"],"aioseo_notices":[],"_links":{"self":[{"href":"https:\/\/beltsy.info\/ro\/wp-json\/wp\/v2\/pages\/5601","targetHints":{"allow":["GET"]}}],"collection":[{"href":"https:\/\/beltsy.info\/ro\/wp-json\/wp\/v2\/pages"}],"about":[{"href":"https:\/\/beltsy.info\/ro\/wp-json\/wp\/v2\/types\/page"}],"author":[{"embeddable":true,"href":"https:\/\/beltsy.info\/ro\/wp-json\/wp\/v2\/users\/1"}],"replies":[{"embeddable":true,"href":"https:\/\/beltsy.info\/ro\/wp-json\/wp\/v2\/comments?post=5601"}],"version-history":[{"count":0,"href":"https:\/\/beltsy.info\/ro\/wp-json\/wp\/v2\/pages\/5601\/revisions"}],"wp:attachment":[{"href":"https:\/\/beltsy.info\/ro\/wp-json\/wp\/v2\/media?parent=5601"}],"curies":[{"name":"wp","href":"https:\/\/api.w.org\/{rel}","templated":true}]}}