{"id":5593,"date":"2023-11-17T16:26:15","date_gmt":"2023-11-17T14:26:15","guid":{"rendered":"https:\/\/beltsy.info\/?page_id=5593"},"modified":"2023-11-17T16:28:16","modified_gmt":"2023-11-17T14:28:16","slug":"unde-este-cel-mai-delicios-tort-din-balti","status":"publish","type":"page","link":"https:\/\/beltsy.info\/ro\/unde-este-cel-mai-delicios-tort-din-balti\/","title":{"rendered":"Unde este cel mai delicios tort din B\u0103l\u021bi"},"content":{"rendered":"<div class=\"wpb-content-wrapper\"><p>[vc_row css=&#8221;.vc_custom_1498189491257{padding-bottom: 0px !important;}&#8221;][vc_column]\t<div class=\"heading-title header-title--1 text-center  \">\r\n\t\t<div class=\"heading-title__h-group\">\r\n\t\t\t\t\t\t\t\t\t<h2 class=\"heading-title__title\" >Unde este cel mai delicios tort din B\u0103l\u021bi<\/h2>\r\n\t\t\t\t\t<\/div>\r\n\t\t\t\t<p class=\"heading-title__description\" >Unde este cel mai delicios tort din B\u0103l\u021bi.<\/p>\r\n\t\t\t<\/div>\r\n\t[\/vc_column][\/vc_row][vc_row gap=&#8221;15&#8243; css=&#8221;.vc_custom_1700161709281{padding-top: 0px !important;}&#8221;][vc_column][vc_column_text]Vremurile \u00een care tortul era doar un r\u0103sf\u0103\u021b dulce au trecut de mult. Ast\u0103zi, industria cofet\u0103riei din B\u0103l\u021bi este at\u00e2t de avansat\u0103 \u00eenc\u00e2t torturile au devenit nu doar deserturi, ci adev\u0103rate opere de art\u0103. \u00cen acela\u0219i timp, creatorii lor nu neglijeaz\u0103 componenta gustativ\u0103 &#8211; fiecare buc\u0103\u021bic\u0103 este un adev\u0103rat deliciu.<\/p>\n<p>Cofetarii locali se disting prin imagina\u021bia \u0219i priceperea lor. Ast\u0103zi pute\u021bi vedea torturi cu surprize: de exemplu, \u00een form\u0103 de sfer\u0103, care trebuie spart\u0103 pentru a dezv\u0103lui nu numai umplutura dulce, ci \u0219i o mic\u0103 surpriz\u0103 \u00een interior. Exist\u0103, de asemenea, torturi tematice specializate, create special pentru anumite evenimente: botezuri, nun\u021bi, zile de na\u0219tere.<\/p>\n<p>\u00cen ceea ce prive\u0219te calitatea, merit\u0103 men\u021bionate cofet\u0103riile Donnas Cake \u0219i Maestro. Torturile lor \u00eenc\u00e2nt\u0103 cu arome naturale, tradi\u021bionale: de la clasicul Napoleon, Prietenia, Prin\u021bul Negru, Red Velvet p\u00e2n\u0103 la exoticele nout\u0103\u021bi.<br \/>\nTorturile moderne nu sunt doar delicioase, ci \u0219i uimitoare din punct de vedere vizual. Ele sunt capabile s\u0103 devin\u0103 elementul central al oric\u0103rei s\u0103rb\u0103tori \u0219i s\u0103 lase o impresie intens\u0103 tuturor invita\u021bilor.<\/p>\n<hr \/>\n<p>[\/vc_column_text][\/vc_column][\/vc_row]<\/p>\n<\/div>","protected":false},"excerpt":{"rendered":"<p>[vc_row css=&#8221;.vc_custom_1498189491257{padding-bottom: 0px !important;}&#8221;][vc_column][\/vc_column][\/vc_row][vc_row gap=&#8221;15&#8243; css=&#8221;.vc_custom_1700161709281{padding-top: 0px !important;}&#8221;][vc_column][vc_column_text]Vremurile \u00een care tortul era doar un r\u0103sf\u0103\u021b dulce au trecut de mult. Ast\u0103zi, industria cofet\u0103riei din B\u0103l\u021bi este at\u00e2t de avansat\u0103 \u00eenc\u00e2t torturile au devenit nu doar deserturi, ci adev\u0103rate opere de art\u0103. \u00cen acela\u0219i timp, creatorii lor nu neglijeaz\u0103 componenta gustativ\u0103 &#8211; fiecare buc\u0103\u021bic\u0103 este un [&hellip;]<\/p>\n","protected":false},"author":1,"featured_media":0,"parent":0,"menu_order":0,"comment_status":"closed","ping_status":"closed","template":"templates\/Mainsidebar-template.php","meta":{"footnotes":""},"class_list":["post-5593","page","type-page","status-publish","hentry"],"aioseo_notices":[],"_links":{"self":[{"href":"https:\/\/beltsy.info\/ro\/wp-json\/wp\/v2\/pages\/5593","targetHints":{"allow":["GET"]}}],"collection":[{"href":"https:\/\/beltsy.info\/ro\/wp-json\/wp\/v2\/pages"}],"about":[{"href":"https:\/\/beltsy.info\/ro\/wp-json\/wp\/v2\/types\/page"}],"author":[{"embeddable":true,"href":"https:\/\/beltsy.info\/ro\/wp-json\/wp\/v2\/users\/1"}],"replies":[{"embeddable":true,"href":"https:\/\/beltsy.info\/ro\/wp-json\/wp\/v2\/comments?post=5593"}],"version-history":[{"count":0,"href":"https:\/\/beltsy.info\/ro\/wp-json\/wp\/v2\/pages\/5593\/revisions"}],"wp:attachment":[{"href":"https:\/\/beltsy.info\/ro\/wp-json\/wp\/v2\/media?parent=5593"}],"curies":[{"name":"wp","href":"https:\/\/api.w.org\/{rel}","templated":true}]}}