{"id":5589,"date":"2023-11-17T16:04:17","date_gmt":"2023-11-17T14:04:17","guid":{"rendered":"https:\/\/beltsy.info\/?page_id=5589"},"modified":"2023-11-17T16:07:01","modified_gmt":"2023-11-17T14:07:01","slug":"unde-sa-luati-cina-in-balti","status":"publish","type":"page","link":"https:\/\/beltsy.info\/ro\/unde-sa-luati-cina-in-balti\/","title":{"rendered":"Unde s\u0103 lua\u021bi cina \u00een B\u0103l\u021bi"},"content":{"rendered":"<div class=\"wpb-content-wrapper\"><p>[vc_row css=&#8221;.vc_custom_1498189491257{padding-bottom: 0px !important;}&#8221;][vc_column]\t<div class=\"heading-title header-title--1 text-center  \">\r\n\t\t<div class=\"heading-title__h-group\">\r\n\t\t\t\t\t\t\t\t\t<h2 class=\"heading-title__title\" >Unde s\u0103 lua\u021bi cina \u00een B\u0103l\u021bi<\/h2>\r\n\t\t\t\t\t<\/div>\r\n\t\t\t\t<p class=\"heading-title__description\" >Unde s\u0103 lua\u021bi cina \u00een B\u0103l\u021bi.<\/p>\r\n\t\t\t<\/div>\r\n\t[\/vc_column][\/vc_row][vc_row gap=&#8221;15&#8243; css=&#8221;.vc_custom_1700161709281{padding-top: 0px !important;}&#8221;][vc_column][vc_column_text]Dac\u0103 v\u0103 afla\u021bi \u00een B\u0103l\u021bi \u0219i c\u0103uta\u021bi un loc unde s\u0103 servi\u021bi o cin\u0103 delicioas\u0103, ora\u0219ul ofer\u0103 multe op\u021biuni pentru gurmanzi \u0219i iubitori de diferite buc\u0103t\u0103rii: mediteranean\u0103, european\u0103, na\u021bional\u0103.<\/p>\n<p>Iubitorii buc\u0103t\u0103riei europene se pot bucura de o varietate de arome: de la m\u00e2nc\u0103ruri clasice fran\u021buze\u0219ti la paste \u0219i pizza italiene, fripturi suculente, lasagna \u0219i preparate din pe\u0219te. Restaurantul WineHouse este apreciat pentru calitatea ingredientelor \u0219i pentru aten\u021bia acordat\u0103 detaliilor. Aici vi se va oferi un vin excelent din lista extins\u0103 de vinuri, care v\u0103 va colora perfect cina.<\/p>\n<p>Buc\u0103t\u0103ria na\u021bional\u0103 moldoveneasc\u0103 se caracterizeaz\u0103 prin m\u00e2nc\u0103ruri unice, care se bazeaz\u0103 \u00een mod tradi\u021bional pe produse locale naturale.<\/p>\n<p>Dac\u0103 dori\u021bi s\u0103 experimenta\u021bi gustul na\u021bional, buc\u0103t\u0103ria moldoveneasc\u0103 ofer\u0103 multe feluri de m\u00e2ncare uimitoare.<br \/>\nM\u0103m\u0103lig\u0103 cu pe\u0219te pr\u0103jit. Acesta este un analog al polentei italiene, f\u0103cut\u0103 din f\u0103in\u0103 de porumb. Mamaliga este adesea servit\u0103 cu br\u00e2nz\u0103, sm\u00e2nt\u00e2n\u0103 sau mujdei. Cunosc\u0103torii acestui fel de m\u00e2ncare eviden\u021biaz\u0103 restaurantul La Pe\u0219ti\u0219or. Aici se serve\u0219te cel mai delicios pe\u0219te pr\u0103jit din B\u0103l\u021bi, proasp\u0103t pescuit \u00een iazul restaurantului.<\/p>\n<p>Sarmale umplute cu carne \u0219i orez, mititei suculen\u021bi, pl\u0103cinte cu diverse umpluturi, zeam\u0103 tradi\u021bional\u0103 &#8211; v\u0103 a\u0219teapt\u0103 un adev\u0103rat festin culinar. \u00cen B\u0103l\u021bi exist\u0103 multe restaurante specializate \u00een buc\u0103t\u0103ria na\u021bional\u0103: Trei Surori, S\u0103rm\u0103lu\u021ba, Traktir.<\/p>\n<hr \/>\n<p>[\/vc_column_text][\/vc_column][\/vc_row]<\/p>\n<\/div>","protected":false},"excerpt":{"rendered":"<p>[vc_row css=&#8221;.vc_custom_1498189491257{padding-bottom: 0px !important;}&#8221;][vc_column][\/vc_column][\/vc_row][vc_row gap=&#8221;15&#8243; css=&#8221;.vc_custom_1700161709281{padding-top: 0px !important;}&#8221;][vc_column][vc_column_text]Dac\u0103 v\u0103 afla\u021bi \u00een B\u0103l\u021bi \u0219i c\u0103uta\u021bi un loc unde s\u0103 servi\u021bi o cin\u0103 delicioas\u0103, ora\u0219ul ofer\u0103 multe op\u021biuni pentru gurmanzi \u0219i iubitori de diferite buc\u0103t\u0103rii: mediteranean\u0103, european\u0103, na\u021bional\u0103. Iubitorii buc\u0103t\u0103riei europene se pot bucura de o varietate de arome: de la m\u00e2nc\u0103ruri clasice fran\u021buze\u0219ti la paste \u0219i [&hellip;]<\/p>\n","protected":false},"author":1,"featured_media":0,"parent":0,"menu_order":0,"comment_status":"closed","ping_status":"closed","template":"templates\/Mainsidebar-template.php","meta":{"footnotes":""},"class_list":["post-5589","page","type-page","status-publish","hentry"],"aioseo_notices":[],"_links":{"self":[{"href":"https:\/\/beltsy.info\/ro\/wp-json\/wp\/v2\/pages\/5589","targetHints":{"allow":["GET"]}}],"collection":[{"href":"https:\/\/beltsy.info\/ro\/wp-json\/wp\/v2\/pages"}],"about":[{"href":"https:\/\/beltsy.info\/ro\/wp-json\/wp\/v2\/types\/page"}],"author":[{"embeddable":true,"href":"https:\/\/beltsy.info\/ro\/wp-json\/wp\/v2\/users\/1"}],"replies":[{"embeddable":true,"href":"https:\/\/beltsy.info\/ro\/wp-json\/wp\/v2\/comments?post=5589"}],"version-history":[{"count":0,"href":"https:\/\/beltsy.info\/ro\/wp-json\/wp\/v2\/pages\/5589\/revisions"}],"wp:attachment":[{"href":"https:\/\/beltsy.info\/ro\/wp-json\/wp\/v2\/media?parent=5589"}],"curies":[{"name":"wp","href":"https:\/\/api.w.org\/{rel}","templated":true}]}}