{"id":5557,"date":"2023-11-17T15:23:05","date_gmt":"2023-11-17T13:23:05","guid":{"rendered":"https:\/\/beltsy.info\/?page_id=5557"},"modified":"2023-11-17T15:25:09","modified_gmt":"2023-11-17T13:25:09","slug":"troleibuze-in-balti","status":"publish","type":"page","link":"https:\/\/beltsy.info\/ro\/troleibuze-in-balti\/","title":{"rendered":"Troleibuze \u00een B\u0103l\u021bi"},"content":{"rendered":"<div class=\"wpb-content-wrapper\"><p>[vc_row css=&#8221;.vc_custom_1498189491257{padding-bottom: 0px !important;}&#8221;][vc_column]\t<div class=\"heading-title header-title--1 text-center  \">\r\n\t\t<div class=\"heading-title__h-group\">\r\n\t\t\t\t\t\t\t\t\t<h2 class=\"heading-title__title\" >Troleibuze \u00een B\u0103l\u021bi<\/h2>\r\n\t\t\t\t\t<\/div>\r\n\t\t\t\t<p class=\"heading-title__description\" >Troleibuze \u00een B\u0103l\u021bi.<\/p>\r\n\t\t\t<\/div>\r\n\t[\/vc_column][\/vc_row][vc_row gap=&#8221;15&#8243; css=&#8221;.vc_custom_1700161709281{padding-top: 0px !important;}&#8221;][vc_column][vc_column_text]<\/p>\n<h2>Scurt istoric<\/h2>\n<p>Prima rut\u0103 de troleibuz &#8220;Molodovo &#8211; Aeroport&#8221; a fost lansat\u0103 la 26 iunie 1972. De atunci, transportul din B\u0103l\u021bi s-a dezvoltat constant \u0219i a s\u0103rb\u0103torit a 50-a aniversare \u00een 2022. La \u00eenceput, a existat doar un singur traseu cu o lungime de 7,2 km, deservit de dou\u0103 substa\u021bii de trac\u021biune. Parcul de troleibuze era format din 20 de troleibuze, iar \u00een primul an de func\u021bionare au fost transportate 2,5 milioane de persoane.<\/p>\n<h2>Dezvoltare \u0219i situa\u021bia actual\u0103<\/h2>\n<p>De la \u00eenceputul anilor 1990, num\u0103rul de rute a crescut la patru, iar lungimea total\u0103 a re\u021belei a ajuns la 38,8 kilometri. \u00cen 2001, a fost creat\u0103 o echip\u0103 specializat\u0103 \u00een repararea troleibuzelor, ceea ce a permis reducerea costurilor. Prin eforturile acestei echipe \u0219i sub conducerea directorului adjunct Iuri Ozerov, au fost reabilitate 30 de troleibuze.<\/p>\n<h2>Trasee \u0219i echipament rulant<\/h2>\n<p>\u00cen prezent, \u00een B\u0103l\u021bi exist\u0103 8 rute de troleibuz. Parcul principal este format din troleibuze BKM-321 &#8220;Syabar&#8221; 2014 \u0219i &#8220;Dnipro&#8221; T203 din 2021. Cele mai noi troleibuze &#8220;Dnipro&#8221; T203 au op\u021biunea de deplasare autonom\u0103 de p\u00e2n\u0103 la 20 km datorit\u0103 bateriilor litiu-ion. Acestea sunt echipate cu un sistem de aer condi\u021bionat \u0219i o ramp\u0103 special\u0103 pentru scaune cu rotile.<\/p>\n<p>Troleibuzele din B\u0103l\u021bi nu sunt doar un mijloc de transport eficient \u0219i ecologic, ci \u0219i o parte important\u0103 a patrimoniului istoric al ora\u0219ului. \u00cen fiecare an, sistemul de transport continu\u0103 s\u0103 se dezvolte, oferind locuitorilor \u0219i vizitatorilor servicii din ce \u00een ce mai confortabile. Ast\u0103zi, utilizatorii din B\u0103l\u021bi au posibilitatea de a urm\u0103ri c\u00e2nd vine troleibuzul potrivit prin intermediul aplica\u021biei \u00ab\u0423\u043c\u043d\u044b\u0439 \u0442\u0440\u0430\u043d\u0441\u043f\u043e\u0440\u0442\u00bb.<\/p>\n<hr \/>\n<p>[\/vc_column_text][\/vc_column][\/vc_row]<\/p>\n<\/div>","protected":false},"excerpt":{"rendered":"<p>[vc_row css=&#8221;.vc_custom_1498189491257{padding-bottom: 0px !important;}&#8221;][vc_column][\/vc_column][\/vc_row][vc_row gap=&#8221;15&#8243; css=&#8221;.vc_custom_1700161709281{padding-top: 0px !important;}&#8221;][vc_column][vc_column_text] Scurt istoric Prima rut\u0103 de troleibuz &#8220;Molodovo &#8211; Aeroport&#8221; a fost lansat\u0103 la 26 iunie 1972. De atunci, transportul din B\u0103l\u021bi s-a dezvoltat constant \u0219i a s\u0103rb\u0103torit a 50-a aniversare \u00een 2022. La \u00eenceput, a existat doar un singur traseu cu o lungime de 7,2 km, deservit [&hellip;]<\/p>\n","protected":false},"author":1,"featured_media":0,"parent":0,"menu_order":0,"comment_status":"closed","ping_status":"closed","template":"templates\/Mainsidebar-template.php","meta":{"footnotes":""},"class_list":["post-5557","page","type-page","status-publish","hentry"],"aioseo_notices":[],"_links":{"self":[{"href":"https:\/\/beltsy.info\/ro\/wp-json\/wp\/v2\/pages\/5557","targetHints":{"allow":["GET"]}}],"collection":[{"href":"https:\/\/beltsy.info\/ro\/wp-json\/wp\/v2\/pages"}],"about":[{"href":"https:\/\/beltsy.info\/ro\/wp-json\/wp\/v2\/types\/page"}],"author":[{"embeddable":true,"href":"https:\/\/beltsy.info\/ro\/wp-json\/wp\/v2\/users\/1"}],"replies":[{"embeddable":true,"href":"https:\/\/beltsy.info\/ro\/wp-json\/wp\/v2\/comments?post=5557"}],"version-history":[{"count":0,"href":"https:\/\/beltsy.info\/ro\/wp-json\/wp\/v2\/pages\/5557\/revisions"}],"wp:attachment":[{"href":"https:\/\/beltsy.info\/ro\/wp-json\/wp\/v2\/media?parent=5557"}],"curies":[{"name":"wp","href":"https:\/\/api.w.org\/{rel}","templated":true}]}}