{"id":5546,"date":"2023-11-16T20:23:44","date_gmt":"2023-11-16T18:23:44","guid":{"rendered":"https:\/\/beltsy.info\/?page_id=5546"},"modified":"2023-11-17T14:01:49","modified_gmt":"2023-11-17T12:01:49","slug":"telefoane-servicii-de-urgenta-dispeceratul-orasului-balti","status":"publish","type":"page","link":"https:\/\/beltsy.info\/ro\/telefoane-servicii-de-urgenta-dispeceratul-orasului-balti\/","title":{"rendered":"Telefoane \/ Servicii de urgen\u021b\u0103 \/ Dispeceratul ora\u0219ului B\u0103l\u021bi"},"content":{"rendered":"<div class=\"wpb-content-wrapper\"><p>[vc_row css=&#8221;.vc_custom_1498189491257{padding-bottom: 0px !important;}&#8221;][vc_column]\t<div class=\"heading-title header-title--1 text-center  \">\r\n\t\t<div class=\"heading-title__h-group\">\r\n\t\t\t\t\t\t\t\t\t<h2 class=\"heading-title__title\" >Telefoane | Servicii de urgen\u021b\u0103 | Dispeceratul ora\u0219ului B\u0103l\u021bi<\/h2>\r\n\t\t\t\t\t<\/div>\r\n\t\t\t\t<p class=\"heading-title__description\" >Numere de telefon ale serviciilor de dispecerat \u0219i de urgen\u021b\u0103<\/p>\r\n\t\t\t<\/div>\r\n\t[\/vc_column][\/vc_row][vc_row gap=&#8221;15&#8243; css=&#8221;.vc_custom_1700161709281{padding-top: 0px !important;}&#8221;][vc_column][vc_column_text]<\/p>\n<h2><span style=\"color: #ff6600;\">Dispeceratul administra\u021biei municipale a Prim\u0103riei<\/span><\/h2>\n<h3><a href=\"tel:023120255\">0231 2-02-55<\/a> (non-stop)<\/h3>\n<p>Pute\u021bi aborda urm\u0103toarele probleme: locuin\u021be \u0219i servicii comunale, pauze de alimentare cu ap\u0103, \u00eendep\u0103rtarea gunoiului, copaci de urgen\u021b\u0103, starea drumurilor \u0219i trotuarelor, absen\u021ba c\u0103minelor, prinderea c\u00e2inilor vagabonzi.<\/p>\n<hr \/>\n<p>[\/vc_column_text][vc_column_text]<\/p>\n<h2><span style=\"color: #ff6600;\">Serviciul de expediere de urgen\u021b\u0103 a locuin\u021belor MP \u0219i a serviciilor comunale<\/span><\/h2>\n<h3><a href=\"tel:023180049\">0231 8-00-49<\/a> (non-stop)<\/h3>\n<p>Pute\u021bi contacta cu privire la repararea \u0219i func\u021bionarea fondului locativ al ora\u0219ului B\u0103l\u021bi.<\/p>\n<hr \/>\n<p>[\/vc_column_text][vc_column_text]<\/p>\n<h2><span style=\"color: #ff6600;\">Dispeceratul central al Prim\u0103riei pentru transport<\/span><\/h2>\n<h3><a href=\"tel:023122349\">0231 2-23-49<\/a><\/h3>\n<p>Pute\u021bi contacta pentru transport \u00een ora\u0219ul B\u0103l\u021bi.<\/p>\n<hr \/>\n<p>[\/vc_column_text][vc_column_text]<\/p>\n<h2><span style=\"color: #ff6600;\">Dispecer urgen\u021be MP Regia ap\u0103-canal (alimentare cu ap\u0103)<\/span><\/h2>\n<h3><a href=\"tel:023171283\">0231 7-12-83<\/a><\/h3>\n<p>Pute\u021bi contacta pentru alimentarea cu ap\u0103 \u0219i descoperiri \u00een ora\u0219ul B\u0103l\u021bi.<\/p>\n<hr \/>\n<p>[\/vc_column_text][vc_column_text]<\/p>\n<h2><span style=\"color: #ff6600;\">Dispeceratul Glorin Inginering (canalizare)<\/span><\/h2>\n<h3><a href=\"tel:023185100\">0231 8-51-00<\/a><\/h3>\n<p>Pute\u021bi contacta pentru sisteme de canalizare \u0219i de eliminare a apelor uzate \u00een ora\u0219ul B\u0103l\u021bi.<\/p>\n<hr \/>\n<p>[\/vc_column_text][vc_column_text]<\/p>\n<h2><span style=\"color: #ff6600;\">Centrul de apel CET-Nord<\/span><\/h2>\n<h3><a href=\"tel:023191000\">0231 9-10-00<\/a><\/h3>\n<p>Pute\u021bi contacta \u00een leg\u0103tur\u0103 cu lucr\u0103rile \u0219i plata \u00eenc\u0103lzirii \u00een ora\u0219ul B\u0103l\u021bi.<\/p>\n<hr \/>\n<p>[\/vc_column_text][vc_column_text]<\/p>\n<h2><span style=\"color: #ff6600;\">Serviciul clien\u021bi RED-Nord<\/span><\/h2>\n<h3><a href=\"tel:0231 5-32-06\">0231 5-32-06<\/a>, <a href=\"tel:0231 2-42-01\">0231 2-42-01<\/a>, <a href=\"tel:0231 2-40-19\">0231 2-40-19<\/a><\/h3>\n<p>Pute\u021bi contacta cu privire la furnizarea de energie electric\u0103 \u00een ora\u0219ul B\u0103l\u021bi.<\/p>\n<hr \/>\n<p>[\/vc_column_text][vc_column_text]<\/p>\n<h2><span style=\"color: #ff6600;\">Dispeceratul de urgen\u021b\u0103 &#8220;B\u0103l\u021bi-Gaz&#8221;<\/span><\/h2>\n<h3><a href=\"tel:0231 52212\">0231 5-22-12<\/a>, <a href=\"tel:904\">904<\/a><\/h3>\n<p>Pute\u021bi contacta pentru probleme de gestionare a gazelor \u0219i \u00een cazul unei scurgeri de gaze \u00een ora\u0219ul B\u0103l\u021bi.<\/p>\n<hr \/>\n<p>[\/vc_column_text][vc_column_text]<\/p>\n<h2><span style=\"color: #ff6600;\">Serviciul de urgen\u021b\u0103 al ascensoarelor de locuin\u021be MP \u0219i servicii comunale<\/span><\/h2>\n<h3><a href=\"tel:0231 8-00-49\">0231 8-00-49<\/a>, <a href=\"tel:0602 0-15-98\">0602 0-15-98<\/a><\/h3>\n<p>Pute\u021bi contacta \u00een leg\u0103tur\u0103 cu func\u021bionarea \u0219i \u00eentre\u021binerea echipamentelor de ascensoare din ora\u0219ul B\u0103l\u021bi.<\/p>\n<hr \/>\n<p>[\/vc_column_text][vc_column_text]<\/p>\n<h2><span style=\"color: #ff6600;\">Serviciul Suport Tehnic Liftservice<\/span><\/h2>\n<h3><a href=\"tel:0231 4-47-34\">0231 4-47-34<\/a><\/h3>\n<p>Pute\u021bi contacta \u00een leg\u0103tur\u0103 cu func\u021bionarea \u0219i \u00eentre\u021binerea echipamentelor de ascensoare din ora\u0219ul B\u0103l\u021bi.<\/p>\n<hr \/>\n<p>[\/vc_column_text][vc_column_text]<\/p>\n<h2><span style=\"color: #ff6600;\">Departamentul de eliminare a de\u0219eurilor al MP DRSU<\/span><\/h2>\n<h3><a href=\"tel:0231 3-90-00\">0231 3-90-00<\/a>, <a href=\"tel:0686 1-00-66\">0686 1-00-66<\/a><\/h3>\n<p>Pute\u021bi contacta pentru \u00eendep\u0103rtarea gunoiului \u0219i a de\u0219eurilor menajere din ora\u0219ul B\u0103l\u021bi.<\/p>\n<hr \/>\n<p>[\/vc_column_text][vc_column_text]<\/p>\n<h2><span style=\"color: #ff6600;\">Prinderea c\u00e2inilor agresivi, azil pentru animalele f\u0103r\u0103 ad\u0103post<\/span><\/h2>\n<h3><a href=\"tel:0676 5-86-04\">0676 5-86-04<\/a><\/h3>\n<p>Pute\u021bi contacta despre prinderea c\u00e2inilor agresivi \u0219i despre activitatea unui azil pentru animalele f\u0103r\u0103 ad\u0103post din ora\u0219ul B\u0103l\u021bi.<\/p>\n<hr \/>\n<p>[\/vc_column_text][\/vc_column][\/vc_row]<\/p>\n<\/div>","protected":false},"excerpt":{"rendered":"<p>[vc_row css=&#8221;.vc_custom_1498189491257{padding-bottom: 0px !important;}&#8221;][vc_column][\/vc_column][\/vc_row][vc_row gap=&#8221;15&#8243; css=&#8221;.vc_custom_1700161709281{padding-top: 0px !important;}&#8221;][vc_column][vc_column_text] Dispeceratul administra\u021biei municipale a Prim\u0103riei 0231 2-02-55 (non-stop) Pute\u021bi aborda urm\u0103toarele probleme: locuin\u021be \u0219i servicii comunale, pauze de alimentare cu ap\u0103, \u00eendep\u0103rtarea gunoiului, copaci de urgen\u021b\u0103, starea drumurilor \u0219i trotuarelor, absen\u021ba c\u0103minelor, prinderea c\u00e2inilor vagabonzi. [\/vc_column_text][vc_column_text] Serviciul de expediere de urgen\u021b\u0103 a locuin\u021belor MP \u0219i a serviciilor [&hellip;]<\/p>\n","protected":false},"author":1,"featured_media":0,"parent":0,"menu_order":0,"comment_status":"closed","ping_status":"closed","template":"templates\/Mainsidebar-template.php","meta":{"footnotes":""},"class_list":["post-5546","page","type-page","status-publish","hentry"],"aioseo_notices":[],"_links":{"self":[{"href":"https:\/\/beltsy.info\/ro\/wp-json\/wp\/v2\/pages\/5546","targetHints":{"allow":["GET"]}}],"collection":[{"href":"https:\/\/beltsy.info\/ro\/wp-json\/wp\/v2\/pages"}],"about":[{"href":"https:\/\/beltsy.info\/ro\/wp-json\/wp\/v2\/types\/page"}],"author":[{"embeddable":true,"href":"https:\/\/beltsy.info\/ro\/wp-json\/wp\/v2\/users\/1"}],"replies":[{"embeddable":true,"href":"https:\/\/beltsy.info\/ro\/wp-json\/wp\/v2\/comments?post=5546"}],"version-history":[{"count":0,"href":"https:\/\/beltsy.info\/ro\/wp-json\/wp\/v2\/pages\/5546\/revisions"}],"wp:attachment":[{"href":"https:\/\/beltsy.info\/ro\/wp-json\/wp\/v2\/media?parent=5546"}],"curies":[{"name":"wp","href":"https:\/\/api.w.org\/{rel}","templated":true}]}}